{"id":163,"date":"2015-08-23T18:33:44","date_gmt":"2015-08-23T16:33:44","guid":{"rendered":"http:\/\/jugendfeuerwehr-westergellersen.de\/wp\/?page_id=163"},"modified":"2016-06-04T22:43:23","modified_gmt":"2016-06-04T20:43:23","slug":"das-betreuerteam","status":"publish","type":"page","link":"https:\/\/jugendfeuerwehr-westergellersen.de\/?page_id=163","title":{"rendered":"Das Betreuerteam"},"content":{"rendered":"<div id=\"pl-163\"  class=\"panel-layout\" ><div id=\"pg-163-0\"  class=\"panel-grid panel-no-style\" ><div id=\"pgc-163-0-0\"  class=\"panel-grid-cell\" ><div id=\"panel-163-0-0-0\" class=\"so-panel widget widget_black-studio-tinymce widget_black_studio_tinymce panel-first-child panel-last-child\" data-index=\"0\" ><div class=\"textwidget\"><p>Brandus der L\u00f6schdrache \u00a0- Chef\u00a0<\/p>\n<p><a href=\"https:\/\/i0.wp.com\/jugendfeuerwehr-westergellersen.de\/wp\/wp-content\/uploads\/2015\/08\/Wappen-flying.jpg\"><img data-attachment-id=\"365\" data-permalink=\"https:\/\/jugendfeuerwehr-westergellersen.de\/?attachment_id=365\" data-orig-file=\"https:\/\/i0.wp.com\/jugendfeuerwehr-westergellersen.de\/wp\/wp-content\/uploads\/2015\/08\/Wappen-flying.jpg?fit=689%2C925&amp;ssl=1\" data-orig-size=\"689,925\" data-comments-opened=\"0\" data-image-meta=\"{&quot;aperture&quot;:&quot;0&quot;,&quot;credit&quot;:&quot;&quot;,&quot;camera&quot;:&quot;&quot;,&quot;caption&quot;:&quot;&quot;,&quot;created_timestamp&quot;:&quot;0&quot;,&quot;copyright&quot;:&quot;&quot;,&quot;focal_length&quot;:&quot;0&quot;,&quot;iso&quot;:&quot;0&quot;,&quot;shutter_speed&quot;:&quot;0&quot;,&quot;title&quot;:&quot;&quot;,&quot;orientation&quot;:&quot;1&quot;}\" data-image-title=\"Wappen flying\" data-image-description=\"\" data-image-caption=\"\" data-medium-file=\"https:\/\/i0.wp.com\/jugendfeuerwehr-westergellersen.de\/wp\/wp-content\/uploads\/2015\/08\/Wappen-flying.jpg?fit=223%2C300&amp;ssl=1\" data-large-file=\"https:\/\/i0.wp.com\/jugendfeuerwehr-westergellersen.de\/wp\/wp-content\/uploads\/2015\/08\/Wappen-flying.jpg?fit=689%2C925&amp;ssl=1\" class=\"alignnone  wp-image-365\" src=\"https:\/\/i0.wp.com\/jugendfeuerwehr-westergellersen.de\/wp\/wp-content\/uploads\/2015\/08\/Wappen-flying.jpg?resize=187%2C252\" alt=\"Wappen flying\" width=\"187\" height=\"252\" data-recalc-dims=\"1\" \/><\/a><\/p>\n<p>\u00a0<\/p>\n<p>Dominique Vogt - Kinderfeuerwehrwartin<\/p>\n<p><a href=\"https:\/\/i0.wp.com\/jugendfeuerwehr-westergellersen.de\/wp\/wp-content\/uploads\/2015\/08\/Dominique.jpg\"><img data-attachment-id=\"366\" data-permalink=\"https:\/\/jugendfeuerwehr-westergellersen.de\/?attachment_id=366\" data-orig-file=\"https:\/\/i0.wp.com\/jugendfeuerwehr-westergellersen.de\/wp\/wp-content\/uploads\/2015\/08\/Dominique.jpg?fit=448%2C336&amp;ssl=1\" data-orig-size=\"448,336\" data-comments-opened=\"0\" data-image-meta=\"{&quot;aperture&quot;:&quot;2.6&quot;,&quot;credit&quot;:&quot;&quot;,&quot;camera&quot;:&quot;FinePix JX300&quot;,&quot;caption&quot;:&quot;&quot;,&quot;created_timestamp&quot;:&quot;1402076179&quot;,&quot;copyright&quot;:&quot;&quot;,&quot;focal_length&quot;:&quot;5&quot;,&quot;iso&quot;:&quot;100&quot;,&quot;shutter_speed&quot;:&quot;0.0071428571428571&quot;,&quot;title&quot;:&quot;&quot;,&quot;orientation&quot;:&quot;1&quot;}\" data-image-title=\"Dominique\" data-image-description=\"\" data-image-caption=\"\" data-medium-file=\"https:\/\/i0.wp.com\/jugendfeuerwehr-westergellersen.de\/wp\/wp-content\/uploads\/2015\/08\/Dominique.jpg?fit=300%2C225&amp;ssl=1\" data-large-file=\"https:\/\/i0.wp.com\/jugendfeuerwehr-westergellersen.de\/wp\/wp-content\/uploads\/2015\/08\/Dominique.jpg?fit=448%2C336&amp;ssl=1\" class=\"alignnone size-medium wp-image-366\" src=\"https:\/\/i0.wp.com\/jugendfeuerwehr-westergellersen.de\/wp\/wp-content\/uploads\/2015\/08\/Dominique.jpg?resize=300%2C225\" alt=\"Dominique\" width=\"300\" height=\"225\" data-recalc-dims=\"1\" \/><\/a><\/p>\n<p>\u00a0<\/p>\n<p>Christian Reiter - stellvertretender Kinderfeuerwehrwart<\/p>\n<p>(Foto wird noch nachgereicht)<\/p>\n<p>\u00a0<\/p>\n<p>Branka Lavicka - Betreuerin\u00a0<\/p>\n<p>(Foto wird noch nachgereicht)<\/p>\n<p>\u00a0<\/p>\n<p>Laura Buschmann - Betreuerin<\/p>\n<p>(Foto wird noch nachgereicht)<\/p>\n<p>\u00a0<\/p>\n<p>Julia Dreyer - Betreuerin\u00a0<\/p>\n<p>(Foto wird noch nachgereicht)<\/p>\n<\/div><\/div><\/div><\/div><\/div>","protected":false},"excerpt":{"rendered":"<div class=\"mh-excerpt\"><p>Brandus der L\u00f6schdrache \u00a0&#8211; Chef\u00a0\u00a0Dominique Vogt &#8211; Kinderfeuerwehrwartin\u00a0Christian Reiter &#8211; stellvertretender Kinderfeuerwehrwart(Foto wird noch nachgereicht)\u00a0Branka Lavicka &#8211; Betreuerin\u00a0(Foto wird noch nachgereicht)\u00a0Laura Buschmann &#8211; Betreuerin(Foto wird <a class=\"mh-excerpt-more\" href=\"https:\/\/jugendfeuerwehr-westergellersen.de\/?page_id=163\" title=\"Das Betreuerteam\">[&#8230;]<\/a><\/p>\n<\/div>","protected":false},"author":1,"featured_media":0,"parent":15,"menu_order":4,"comment_status":"closed","ping_status":"closed","template":"","meta":{"spay_email":""},"jetpack_sharing_enabled":true,"jetpack_shortlink":"https:\/\/wp.me\/P7eLU6-2D","jetpack-related-posts":[{"id":59,"url":"https:\/\/jugendfeuerwehr-westergellersen.de\/?page_id=59","url_meta":{"origin":163,"position":0},"title":"Was ist Jugendfeuerwehr?","date":"16. August 2015","format":false,"excerpt":"Die Jugendfeuerwehr Westergellersen findet sich jeden Freitag (au\u00dfer in den Ferien) zusammen. Aber was macht man eigentlich bei einer Jugendfeuerwehr?? Ein Jugendfeuerwehrdienst bei uns, kann fast alles bieten.Ein gro\u00dfer Teil unserer Dienste ist nat\u00fcrlich der Bereich der Feuerwehrtechnik.Eine der Grundaufgaben bei der Feuerwehr ist der L\u00f6schangriff. Die \u00dcbung zeigt den\u2026","rel":"","context":"\u00c4hnlicher Beitrag","img":{"alt_text":"","src":"https:\/\/i0.wp.com\/jugendfeuerwehr-westergellersen.de\/images\/content\/Bilder12\/JF-Dienst\/Unbenannt.JPG?resize=350%2C200","width":350,"height":200},"classes":[]},{"id":32,"url":"https:\/\/jugendfeuerwehr-westergellersen.de\/?page_id=32","url_meta":{"origin":163,"position":1},"title":"Impressum","date":"20. Juli 2015","format":false,"excerpt":"Wir informieren Sie nachfolgend gem\u00e4\u00df den gesetzlichen Vorgaben des Datenschutzrechts (insb. gem\u00e4\u00df BDSG n.F. und der europ\u00e4ischen Datenschutz-Grundverordnung \u201aDS-GVO\u2018) \u00fcber die Art, den Umfang und Zweck der Verarbeitung personenbezogener Daten durch unser Unternehmen.\u00a0Diese Datenschutzerkl\u00e4rung gilt auch f\u00fcr unsere Websites und Sozial-Media-Profile. Bez\u00fcglich der Definition von Begriffen wie etwa \u201epersonenbezogene Daten\u201c\u2026","rel":"","context":"\u00c4hnlicher Beitrag","img":{"alt_text":"","src":"","width":0,"height":0},"classes":[]},{"id":48,"url":"https:\/\/jugendfeuerwehr-westergellersen.de\/?page_id=48","url_meta":{"origin":163,"position":2},"title":"Geschichte","date":"16. August 2015","format":false,"excerpt":"Geschichte der Jugendfeuerwehr WestergellersenDie Jugendfeuerwehr Westergellersen wurde anl\u00e4sslich des 100-j\u00e4hrigen Bestehens der Freiwilligen Feuerwehr Westergellersen ins Leben gerufen. Der Anfang war von einigen Startschwierigkeiten begleitet. So fehlte es vor allem an R\u00e4umlichkeiten und sanit\u00e4ren Anlagen. Aus diesen Gr\u00fcnden wurde die Bildung einer Jugendfeuerwehr im Ort immer wieder verschoben. Mit dem\u2026","rel":"","context":"\u00c4hnlicher Beitrag","img":{"alt_text":"Grndungsfoto","src":"https:\/\/i0.wp.com\/jugendfeuerwehr-westergellersen.de\/wp\/wp-content\/uploads\/2015\/08\/Grndungsfoto.png?resize=350%2C200","width":350,"height":200},"classes":[]},{"id":5,"url":"https:\/\/jugendfeuerwehr-westergellersen.de\/","url_meta":{"origin":163,"position":3},"title":"Willkommen","date":"20. Juli 2015","format":false,"excerpt":"Jugend- und Kinderfeuerwehr Westergellersen jf_wg [Tannenbaumeinsammeln 2022 f\u00e4llt aus] Wie auch i 1.Platz beim Orientierungsmarsch der Jugendfeuerwe Auch in den letzten 2 Wochen war es nicht ruhig be Passend zur M\u00fcllsammelaktion hat unser Jugendwart M\u00fcllsammelaktion bei der Jugendfeuerwehr Westerge #njfknipst #Jugendfeuerwehr #Jugendfeuerwehrwest #njfknipst \ud83d\udcf8@sascha_vogt112 feuerwehr #Jugend #njfknipst #njfknipst \ud83d\udcf8@sascha_vogt112 #feuerwehr\u2026","rel":"","context":"\u00c4hnlicher Beitrag","img":{"alt_text":"","src":"https:\/\/i0.wp.com\/jugendfeuerwehr-westergellersen.de\/wp\/wp-content\/uploads\/2016\/09\/1.jpg?fit=1200%2C848&ssl=1&resize=350%2C200","width":350,"height":200},"classes":[]}],"_links":{"self":[{"href":"https:\/\/jugendfeuerwehr-westergellersen.de\/index.php?rest_route=\/wp\/v2\/pages\/163"}],"collection":[{"href":"https:\/\/jugendfeuerwehr-westergellersen.de\/index.php?rest_route=\/wp\/v2\/pages"}],"about":[{"href":"https:\/\/jugendfeuerwehr-westergellersen.de\/index.php?rest_route=\/wp\/v2\/types\/page"}],"author":[{"embeddable":true,"href":"https:\/\/jugendfeuerwehr-westergellersen.de\/index.php?rest_route=\/wp\/v2\/users\/1"}],"replies":[{"embeddable":true,"href":"https:\/\/jugendfeuerwehr-westergellersen.de\/index.php?rest_route=%2Fwp%2Fv2%2Fcomments&post=163"}],"version-history":[{"count":4,"href":"https:\/\/jugendfeuerwehr-westergellersen.de\/index.php?rest_route=\/wp\/v2\/pages\/163\/revisions"}],"predecessor-version":[{"id":368,"href":"https:\/\/jugendfeuerwehr-westergellersen.de\/index.php?rest_route=\/wp\/v2\/pages\/163\/revisions\/368"}],"up":[{"embeddable":true,"href":"https:\/\/jugendfeuerwehr-westergellersen.de\/index.php?rest_route=\/wp\/v2\/pages\/15"}],"wp:attachment":[{"href":"https:\/\/jugendfeuerwehr-westergellersen.de\/index.php?rest_route=%2Fwp%2Fv2%2Fmedia&parent=163"}],"curies":[{"name":"wp","href":"https:\/\/api.w.org\/{rel}","templated":true}]}}