{"id":165,"date":"2015-08-23T18:34:49","date_gmt":"2015-08-23T16:34:49","guid":{"rendered":"http:\/\/jugendfeuerwehr-westergellersen.de\/wp\/?page_id=165"},"modified":"2015-08-23T18:35:06","modified_gmt":"2015-08-23T16:35:06","slug":"brandus-der-loeschdrache","status":"publish","type":"page","link":"https:\/\/jugendfeuerwehr-westergellersen.de\/?page_id=165","title":{"rendered":"Brandus der L\u00f6schdrache"},"content":{"rendered":"<div id=\"pl-165\"  class=\"panel-layout\" ><div id=\"pg-165-0\"  class=\"panel-grid panel-no-style\" ><div id=\"pgc-165-0-0\"  class=\"panel-grid-cell\" ><div id=\"panel-165-0-0-0\" class=\"so-panel widget widget_black-studio-tinymce widget_black_studio_tinymce panel-first-child panel-last-child\" data-index=\"0\" ><div class=\"textwidget\"><p><strong>Hallo ich bin der kleine Brandus<\/strong><\/p>\n<div><img src=\"https:\/\/i0.wp.com\/jugendfeuerwehr-westergellersen.de\/images\/content\/DracheSeitlichkopfvornHomepage.gif?resize=100%2C133\" alt=\"\" width=\"100\" height=\"133\" data-recalc-dims=\"1\" \/><\/p>\n<p>Hallo liebe Eltern und liebe Kinder,<br \/>ich bin ein kleiner Drache und wenn ich gro\u00df bin, dann m\u00f6chte ich L\u00f6schdrache werden. Deswegen bin ich auch schon in die Kinderfeuerwehr Westergellersen eingetreten <br \/>und habe dort schon gaaaa....nz viele Freunde kennen gelernt. Die wollen auch alle L\u00f6schdrachen werden. Mit unseren Betreuern machen wir ganz viele tolle Sachen. Das macht richtig Spa\u00df.<br \/>Ich freu mich schon auf den n\u00e4chsten Kinderfeuerwehrdienst mit Euch!<\/p>\n<p>Euer Brandus<\/p><\/div>\n<\/div><\/div><\/div><\/div><\/div>","protected":false},"excerpt":{"rendered":"<div class=\"mh-excerpt\"><p>Hallo ich bin der kleine BrandusHallo liebe Eltern und liebe Kinder,ich bin ein kleiner Drache und wenn ich gro\u00df bin, dann m\u00f6chte ich L\u00f6schdrache werden. <a class=\"mh-excerpt-more\" href=\"https:\/\/jugendfeuerwehr-westergellersen.de\/?page_id=165\" title=\"Brandus der L\u00f6schdrache\">[&#8230;]<\/a><\/p>\n<\/div>","protected":false},"author":1,"featured_media":0,"parent":15,"menu_order":5,"comment_status":"closed","ping_status":"closed","template":"","meta":{"spay_email":""},"jetpack_sharing_enabled":true,"jetpack_shortlink":"https:\/\/wp.me\/P7eLU6-2F","jetpack-related-posts":[{"id":59,"url":"https:\/\/jugendfeuerwehr-westergellersen.de\/?page_id=59","url_meta":{"origin":165,"position":0},"title":"Was ist Jugendfeuerwehr?","date":"16. August 2015","format":false,"excerpt":"Die Jugendfeuerwehr Westergellersen findet sich jeden Freitag (au\u00dfer in den Ferien) zusammen. Aber was macht man eigentlich bei einer Jugendfeuerwehr?? Ein Jugendfeuerwehrdienst bei uns, kann fast alles bieten.Ein gro\u00dfer Teil unserer Dienste ist nat\u00fcrlich der Bereich der Feuerwehrtechnik.Eine der Grundaufgaben bei der Feuerwehr ist der L\u00f6schangriff. Die \u00dcbung zeigt den\u2026","rel":"","context":"\u00c4hnlicher Beitrag","img":{"alt_text":"","src":"https:\/\/i0.wp.com\/jugendfeuerwehr-westergellersen.de\/images\/content\/Bilder12\/JF-Dienst\/Unbenannt.JPG?resize=350%2C200","width":350,"height":200},"classes":[]},{"id":197,"url":"https:\/\/jugendfeuerwehr-westergellersen.de\/?page_id=197","url_meta":{"origin":165,"position":1},"title":"Der Sicherheitstag","date":"3. September 2015","format":false,"excerpt":"Sicherheitstag bei der Jugendfeuerwehr WestergellersenWestergellersen. Ein\u00a0Jahr Organisation und Vorbereitung lag hinter\u00a0Jugendfeuerwehrwart Christian Vorbringer und seinem engagiertem Betreuerteam. So konnte der erste Sicherheitstag der Jugendfeuerwehr Westergellersen am 13.09.2014 stattfinden. Das Gel\u00e4nde an der Twiete, dankenswerter Weise von der Familie Putensen zur Verf\u00fcgung gestellt, bot den richtigen Rahmen, in dem sich Hilfsorganisationen\u2026","rel":"","context":"\u00c4hnlicher Beitrag","img":{"alt_text":"","src":"https:\/\/i0.wp.com\/jugendfeuerwehr-westergellersen.de\/images\/content\/Kinderfeuerwehr\/KuppelkontestHomepage.gif?resize=350%2C200","width":350,"height":200},"classes":[]},{"id":32,"url":"https:\/\/jugendfeuerwehr-westergellersen.de\/?page_id=32","url_meta":{"origin":165,"position":2},"title":"Impressum","date":"20. Juli 2015","format":false,"excerpt":"Wir informieren Sie nachfolgend gem\u00e4\u00df den gesetzlichen Vorgaben des Datenschutzrechts (insb. gem\u00e4\u00df BDSG n.F. und der europ\u00e4ischen Datenschutz-Grundverordnung \u201aDS-GVO\u2018) \u00fcber die Art, den Umfang und Zweck der Verarbeitung personenbezogener Daten durch unser Unternehmen.\u00a0Diese Datenschutzerkl\u00e4rung gilt auch f\u00fcr unsere Websites und Sozial-Media-Profile. Bez\u00fcglich der Definition von Begriffen wie etwa \u201epersonenbezogene Daten\u201c\u2026","rel":"","context":"\u00c4hnlicher Beitrag","img":{"alt_text":"","src":"","width":0,"height":0},"classes":[]},{"id":48,"url":"https:\/\/jugendfeuerwehr-westergellersen.de\/?page_id=48","url_meta":{"origin":165,"position":3},"title":"Geschichte","date":"16. August 2015","format":false,"excerpt":"Geschichte der Jugendfeuerwehr WestergellersenDie Jugendfeuerwehr Westergellersen wurde anl\u00e4sslich des 100-j\u00e4hrigen Bestehens der Freiwilligen Feuerwehr Westergellersen ins Leben gerufen. Der Anfang war von einigen Startschwierigkeiten begleitet. So fehlte es vor allem an R\u00e4umlichkeiten und sanit\u00e4ren Anlagen. Aus diesen Gr\u00fcnden wurde die Bildung einer Jugendfeuerwehr im Ort immer wieder verschoben. Mit dem\u2026","rel":"","context":"\u00c4hnlicher Beitrag","img":{"alt_text":"Grndungsfoto","src":"https:\/\/i0.wp.com\/jugendfeuerwehr-westergellersen.de\/wp\/wp-content\/uploads\/2015\/08\/Grndungsfoto.png?resize=350%2C200","width":350,"height":200},"classes":[]},{"id":5,"url":"https:\/\/jugendfeuerwehr-westergellersen.de\/","url_meta":{"origin":165,"position":4},"title":"Willkommen","date":"20. Juli 2015","format":false,"excerpt":"Jugend- und Kinderfeuerwehr Westergellersen jf_wg [Tannenbaumeinsammeln 2022 f\u00e4llt aus] Wie auch i 1.Platz beim Orientierungsmarsch der Jugendfeuerwe Auch in den letzten 2 Wochen war es nicht ruhig be Passend zur M\u00fcllsammelaktion hat unser Jugendwart M\u00fcllsammelaktion bei der Jugendfeuerwehr Westerge #njfknipst #Jugendfeuerwehr #Jugendfeuerwehrwest #njfknipst \ud83d\udcf8@sascha_vogt112 feuerwehr #Jugend #njfknipst #njfknipst \ud83d\udcf8@sascha_vogt112 #feuerwehr\u2026","rel":"","context":"\u00c4hnlicher Beitrag","img":{"alt_text":"","src":"https:\/\/i0.wp.com\/jugendfeuerwehr-westergellersen.de\/wp\/wp-content\/uploads\/2016\/09\/1.jpg?fit=1200%2C848&ssl=1&resize=350%2C200","width":350,"height":200},"classes":[]},{"id":65,"url":"https:\/\/jugendfeuerwehr-westergellersen.de\/?page_id=65","url_meta":{"origin":165,"position":5},"title":"Partnerjugendfeuerwehren","date":"16. August 2015","format":false,"excerpt":"Ausleben Die Gemeinde Ausleben mit ihren vier Ortsteilen (Ausleben, Ottleben, Warsleben und \u00dcplingen) befindet sich in der Magdeburger B\u00f6rde in der N\u00e4he der Stadt Oschersleben in Sachsen-Anhalt. Die Partnerschaft entstand im Jahre 2010 durch\u00a0unseren ehemaligen Jugendfeuerwehrwart\u00a0Bj\u00f6rn Ollik.\u00a0Seit diesem Zeitpunkt finden regelm\u00e4\u00dfig gemeinsame Seminarwochenenden, Ausfahrten oder auch Wettbewerbe statt. Hier geht\u2026","rel":"","context":"\u00c4hnlicher Beitrag","img":{"alt_text":"","src":"https:\/\/i0.wp.com\/jugendfeuerwehr-westergellersen.de\/images\/content\/fuhrpark_gross.jpg?resize=350%2C200","width":350,"height":200},"classes":[]}],"_links":{"self":[{"href":"https:\/\/jugendfeuerwehr-westergellersen.de\/index.php?rest_route=\/wp\/v2\/pages\/165"}],"collection":[{"href":"https:\/\/jugendfeuerwehr-westergellersen.de\/index.php?rest_route=\/wp\/v2\/pages"}],"about":[{"href":"https:\/\/jugendfeuerwehr-westergellersen.de\/index.php?rest_route=\/wp\/v2\/types\/page"}],"author":[{"embeddable":true,"href":"https:\/\/jugendfeuerwehr-westergellersen.de\/index.php?rest_route=\/wp\/v2\/users\/1"}],"replies":[{"embeddable":true,"href":"https:\/\/jugendfeuerwehr-westergellersen.de\/index.php?rest_route=%2Fwp%2Fv2%2Fcomments&post=165"}],"version-history":[{"count":1,"href":"https:\/\/jugendfeuerwehr-westergellersen.de\/index.php?rest_route=\/wp\/v2\/pages\/165\/revisions"}],"predecessor-version":[{"id":166,"href":"https:\/\/jugendfeuerwehr-westergellersen.de\/index.php?rest_route=\/wp\/v2\/pages\/165\/revisions\/166"}],"up":[{"embeddable":true,"href":"https:\/\/jugendfeuerwehr-westergellersen.de\/index.php?rest_route=\/wp\/v2\/pages\/15"}],"wp:attachment":[{"href":"https:\/\/jugendfeuerwehr-westergellersen.de\/index.php?rest_route=%2Fwp%2Fv2%2Fmedia&parent=165"}],"curies":[{"name":"wp","href":"https:\/\/api.w.org\/{rel}","templated":true}]}}