{"id":197,"date":"2015-09-03T13:37:59","date_gmt":"2015-09-03T11:37:59","guid":{"rendered":"http:\/\/jugendfeuerwehr-westergellersen.de\/wp\/?page_id=197"},"modified":"2015-09-03T13:37:59","modified_gmt":"2015-09-03T11:37:59","slug":"der-sicherheitstag","status":"publish","type":"page","link":"https:\/\/jugendfeuerwehr-westergellersen.de\/?page_id=197","title":{"rendered":"Der Sicherheitstag"},"content":{"rendered":"<div id=\"pl-197\"  class=\"panel-layout\" ><div id=\"pg-197-0\"  class=\"panel-grid panel-no-style\" ><div id=\"pgc-197-0-0\"  class=\"panel-grid-cell\" ><div id=\"panel-197-0-0-0\" class=\"so-panel widget widget_black-studio-tinymce widget_black_studio_tinymce panel-first-child panel-last-child\" data-index=\"0\" ><h3 class=\"widget-title\">Sicherheitstag bei der Jugendfeuerwehr Westergellersen<\/h3><div class=\"textwidget\"><p>Westergellersen. Ein\u00a0Jahr Organisation und Vorbereitung lag hinter\u00a0Jugendfeuerwehrwart Christian Vorbringer und seinem engagiertem Betreuerteam. So konnte der erste Sicherheitstag der Jugendfeuerwehr Westergellersen am 13.09.2014 stattfinden. Das Gel\u00e4nde an der Twiete, dankenswerter Weise von der Familie Putensen zur Verf\u00fcgung gestellt, bot den richtigen Rahmen, in dem sich Hilfsorganisationen und Aussteller entsprechend pr\u00e4sentieren konnten. Gro\u00dfes Interesse fand der Feuertrainer der Feuerwehr Melbeck, wo unter anderem die Auswirkung eines Fettbrandes gezeigt wurde, sollte dieser f\u00e4lschlicher Weise mit Wasser gel\u00f6scht werden. Die entstandene Stichflamme war enorm. Einen Fettbrand, z.B. in der Bratpfanne entstanden, sollte stehst mit einem Deckel oder einer L\u00f6schdecke gel\u00f6scht werden. Besucher konnten am Feuertrainer aber auch selbst Hand anlegen und den Umgang mit einem Feuerl\u00f6scher \u00fcben. Eine weitere Attraktion war der \u00dcberschlagsimulator des ADAC. Wie f\u00fchlt es sich an, wenn man sich mit dem PKW \u00fcberschl\u00e4gt, wie kommt man aus dem Sicherheitsgurt wenn das Auto auf dem Kopf steht? Im Simulator konnte es erprobt werden. Passend zum Thema Sicherheit im Stra\u00dfenverkehr war der Aufprallsimulator der Berufsgenossenschaft Verkehr. Hier konnten die Besucher mit 10km\/h gegen eine \u201eWand\u201c fahren und pr\u00fcfen, ob sie den Aufprall ohne Gurt verletzungsfrei \u00fcberstanden h\u00e4tte. Vermutlich nicht, da man beim Aufprall ein Gewicht von etwa 300kg, je nach eigenem K\u00f6rpergewicht, h\u00e4tte abfangen m\u00fcssen.<\/p>\n<p>\u00a0<\/p>\n<p>Weitere interessante St\u00e4nde waren die der Tauchergruppe der Feuerwehr L\u00fcneburg und der DLRG Gruppe aus Amelinghausen. Der ASB war mit einem Rettungswagen erschienen, welcher besichtigt werden k\u00f6nnte, der ABC-Zug Landkreis L\u00fcneburg informierte \u00fcber sein T\u00e4tigkeitsfeld. Auch die Bundeswehr war mit einem Infobus pr\u00e4sent. Mutige konnten mit der Drehleiter aus Amelinghausen in die H\u00f6he fahren und Veranstaltungsgel\u00e4nde und Dorf von oben betrachten. Viel Beachtung fand weiterhin die Reiterstaffel der Johanniter aus dem Landkreis Harburg. In ihren Vorf\u00fchrungen berichteten sie \u00fcber das Training mit den Pferden, so das diese sich bei Eins\u00e4tzen nicht durch Autos, Einsatzfahrzeuge mit Martinshorn, Hubschraubern oder auch nur Hunden ablenken und in Panik versetzen lassen. Zum Einsatz kommt die Reiterstaffel beispielsweise im Naturpark L\u00fcneburger Heide. Zu den Oldtimer-Feuerwehrfahrzeuge aus Winsen\/Luhe und L\u00fcneburg gesellte sich die \u00fcber 100 j\u00e4hrige L\u00f6schspritze mit Handbetrieb aus Seelze\/Hannover. Kinderkarussell und Spiele-Paradies rundeten das Programm ab. <\/p>\n<p>Auch Westergellersen hat nun eine Kinderfeuerwehr. Voller Stolz zogen die Kinder mit ihren Betreuerinnen auf dem Veranstaltungsgel\u00e4nde ein und wurden mit Applaus begr\u00fc\u00dft. Mitmachen kann jedes Kind im Alter zwischen 6 und 10 Jahren. Danach steht die Jugendfeuerwehr offen. Betreuerinnen und Kinder treffen sich jeden ersten Freitag im Monat. Weitere Informationen erteilt Dominique Vogt oder ist im Internet zu finden unter www.jugendfeuerwehr-westergellersen.de.<\/p>\n<p>F\u00fcr den sportlichen Aspekt sorgte ein \u201eKuppelwettbewerb\u201c. Hier wurde ermittelt, welche Gruppe am schnellsten Feuerwehrschl\u00e4uche zusammenkuppeln kann um eine L\u00f6schwasserleitung aufzubauen. Sieger wurde bei der Jugendfeuerwehr die Gruppe aus Bardowick, gefolgt von Westergellersen 2 und Westergellersen 1. Beim Wettbewerb der aktiven Gruppen siegte Kirchgellersen vor Meckelfeld und Bodenwerder. <br \/><img src=\"https:\/\/i0.wp.com\/jugendfeuerwehr-westergellersen.de\/images\/content\/Kinderfeuerwehr\/KuppelkontestHomepage.gif?resize=400%2C300\" alt=\"\" width=\"400\" height=\"300\" data-recalc-dims=\"1\" \/><br \/>Zum Abschluss des Sicherheitstages wurde von den Feuerwehren aus Westergellersen und Kirchgellersen ein Verkehrsunfall abgearbeitet. Um die Fahrerin befreien zu k\u00f6nnen, musste das Fahrzeug zerlegt werden, wobei insbesondere das hydraulische Werkzeug aus Kirchgellersen zum Einsatz kam. Ortsbrandmeister Schl\u00fcter moderierte den Ablauf und erkl\u00e4rte den Zuschauern die einzelnen Schritte.<br \/><img src=\"https:\/\/i0.wp.com\/jugendfeuerwehr-westergellersen.de\/images\/content\/Kinderfeuerwehr\/bungSicherheitstagHomepage.gif?resize=400%2C300\" alt=\"\" width=\"400\" height=\"300\" data-recalc-dims=\"1\" \/><br \/>Die Jugendwarte Christian Vorbringer und Sascha Vogt bedankten sich bei allen Teilnehmern, Helfern, Unterst\u00fctzern, Kuchenspendern sowie den Grundst\u00fcckseigent\u00fcmern f\u00fcr deren Hilfe. Es war der erste Sicherheitstag dieser Art und ist ohne Hilfe von au\u00dfen nicht denkbar. Auch Samtgemeindeb\u00fcrgermeister Josef R\u00f6ttgers fand lobende Worte. Er begl\u00fcckw\u00fcnschte das Organisationsteam zu dieser gelungenen Veranstaltung und erhofft sich bei einer Wiederholung mehr Zuschauer.<\/p>\n<p><em>Bericht: Klaus Kleinecke<\/em><\/p>\n<\/div><\/div><\/div><\/div><\/div>","protected":false},"excerpt":{"rendered":"<div class=\"mh-excerpt\"><p>Westergellersen. Ein\u00a0Jahr Organisation und Vorbereitung lag hinter\u00a0Jugendfeuerwehrwart Christian Vorbringer und seinem engagiertem Betreuerteam. So konnte der erste Sicherheitstag der Jugendfeuerwehr Westergellersen am 13.09.2014 stattfinden. Das <a class=\"mh-excerpt-more\" href=\"https:\/\/jugendfeuerwehr-westergellersen.de\/?page_id=197\" title=\"Der Sicherheitstag\">[&#8230;]<\/a><\/p>\n<\/div>","protected":false},"author":1,"featured_media":0,"parent":13,"menu_order":7,"comment_status":"closed","ping_status":"closed","template":"","meta":{"spay_email":""},"jetpack_sharing_enabled":true,"jetpack_shortlink":"https:\/\/wp.me\/P7eLU6-3b","jetpack-related-posts":[{"id":59,"url":"https:\/\/jugendfeuerwehr-westergellersen.de\/?page_id=59","url_meta":{"origin":197,"position":0},"title":"Was ist Jugendfeuerwehr?","date":"16. August 2015","format":false,"excerpt":"Die Jugendfeuerwehr Westergellersen findet sich jeden Freitag (au\u00dfer in den Ferien) zusammen. Aber was macht man eigentlich bei einer Jugendfeuerwehr?? Ein Jugendfeuerwehrdienst bei uns, kann fast alles bieten.Ein gro\u00dfer Teil unserer Dienste ist nat\u00fcrlich der Bereich der Feuerwehrtechnik.Eine der Grundaufgaben bei der Feuerwehr ist der L\u00f6schangriff. Die \u00dcbung zeigt den\u2026","rel":"","context":"\u00c4hnlicher Beitrag","img":{"alt_text":"","src":"https:\/\/i0.wp.com\/jugendfeuerwehr-westergellersen.de\/images\/content\/Bilder12\/JF-Dienst\/Unbenannt.JPG?resize=350%2C200","width":350,"height":200},"classes":[]},{"id":5,"url":"https:\/\/jugendfeuerwehr-westergellersen.de\/","url_meta":{"origin":197,"position":1},"title":"Willkommen","date":"20. Juli 2015","format":false,"excerpt":"Jugend- und Kinderfeuerwehr Westergellersen jf_wg [Tannenbaumeinsammeln 2022 f\u00e4llt aus] Wie auch i 1.Platz beim Orientierungsmarsch der Jugendfeuerwe Auch in den letzten 2 Wochen war es nicht ruhig be Passend zur M\u00fcllsammelaktion hat unser Jugendwart M\u00fcllsammelaktion bei der Jugendfeuerwehr Westerge #njfknipst #Jugendfeuerwehr #Jugendfeuerwehrwest #njfknipst \ud83d\udcf8@sascha_vogt112 feuerwehr #Jugend #njfknipst #njfknipst \ud83d\udcf8@sascha_vogt112 #feuerwehr\u2026","rel":"","context":"\u00c4hnlicher Beitrag","img":{"alt_text":"","src":"https:\/\/i0.wp.com\/jugendfeuerwehr-westergellersen.de\/wp\/wp-content\/uploads\/2016\/09\/1.jpg?fit=1200%2C848&ssl=1&resize=350%2C200","width":350,"height":200},"classes":[]},{"id":65,"url":"https:\/\/jugendfeuerwehr-westergellersen.de\/?page_id=65","url_meta":{"origin":197,"position":2},"title":"Partnerjugendfeuerwehren","date":"16. August 2015","format":false,"excerpt":"Ausleben Die Gemeinde Ausleben mit ihren vier Ortsteilen (Ausleben, Ottleben, Warsleben und \u00dcplingen) befindet sich in der Magdeburger B\u00f6rde in der N\u00e4he der Stadt Oschersleben in Sachsen-Anhalt. Die Partnerschaft entstand im Jahre 2010 durch\u00a0unseren ehemaligen Jugendfeuerwehrwart\u00a0Bj\u00f6rn Ollik.\u00a0Seit diesem Zeitpunkt finden regelm\u00e4\u00dfig gemeinsame Seminarwochenenden, Ausfahrten oder auch Wettbewerbe statt. Hier geht\u2026","rel":"","context":"\u00c4hnlicher Beitrag","img":{"alt_text":"","src":"https:\/\/i0.wp.com\/jugendfeuerwehr-westergellersen.de\/images\/content\/fuhrpark_gross.jpg?resize=350%2C200","width":350,"height":200},"classes":[]},{"id":48,"url":"https:\/\/jugendfeuerwehr-westergellersen.de\/?page_id=48","url_meta":{"origin":197,"position":3},"title":"Geschichte","date":"16. August 2015","format":false,"excerpt":"Geschichte der Jugendfeuerwehr WestergellersenDie Jugendfeuerwehr Westergellersen wurde anl\u00e4sslich des 100-j\u00e4hrigen Bestehens der Freiwilligen Feuerwehr Westergellersen ins Leben gerufen. Der Anfang war von einigen Startschwierigkeiten begleitet. So fehlte es vor allem an R\u00e4umlichkeiten und sanit\u00e4ren Anlagen. Aus diesen Gr\u00fcnden wurde die Bildung einer Jugendfeuerwehr im Ort immer wieder verschoben. Mit dem\u2026","rel":"","context":"\u00c4hnlicher Beitrag","img":{"alt_text":"Grndungsfoto","src":"https:\/\/i0.wp.com\/jugendfeuerwehr-westergellersen.de\/wp\/wp-content\/uploads\/2015\/08\/Grndungsfoto.png?resize=350%2C200","width":350,"height":200},"classes":[]},{"id":165,"url":"https:\/\/jugendfeuerwehr-westergellersen.de\/?page_id=165","url_meta":{"origin":197,"position":4},"title":"Brandus der L\u00f6schdrache","date":"23. August 2015","format":false,"excerpt":"Hallo ich bin der kleine BrandusHallo liebe Eltern und liebe Kinder,ich bin ein kleiner Drache und wenn ich gro\u00df bin, dann m\u00f6chte ich L\u00f6schdrache werden. Deswegen bin ich auch schon in die Kinderfeuerwehr Westergellersen eingetreten und habe dort schon gaaaa....nz viele Freunde kennen gelernt. Die wollen auch alle L\u00f6schdrachen werden.\u2026","rel":"","context":"\u00c4hnlicher Beitrag","img":{"alt_text":"","src":"","width":0,"height":0},"classes":[]},{"id":159,"url":"https:\/\/jugendfeuerwehr-westergellersen.de\/?page_id=159","url_meta":{"origin":197,"position":5},"title":"Geschichte","date":"23. August 2015","format":false,"excerpt":"Unser Kinderfeuerwehr ist am 05.09.2014 in die Probephase gestartet. Die Idee zur Gr\u00fcndung ein Kinderfeuerwehr hatte unsere damalige Jugendliche Laura Buschmann aus der Jugendfeuerwehr. Die Betreuer der Jugendfeuerwehr gr\u00fcndeten ein Projektteam. Dominique Vogt erkl\u00e4rte sich bereit die Kinderfeuerwehr von nun an zu leiten. \u00a0Nach einem erfolgreichen Start und vielen tollen\u2026","rel":"","context":"\u00c4hnlicher Beitrag","img":{"alt_text":"","src":"","width":0,"height":0},"classes":[]}],"_links":{"self":[{"href":"https:\/\/jugendfeuerwehr-westergellersen.de\/index.php?rest_route=\/wp\/v2\/pages\/197"}],"collection":[{"href":"https:\/\/jugendfeuerwehr-westergellersen.de\/index.php?rest_route=\/wp\/v2\/pages"}],"about":[{"href":"https:\/\/jugendfeuerwehr-westergellersen.de\/index.php?rest_route=\/wp\/v2\/types\/page"}],"author":[{"embeddable":true,"href":"https:\/\/jugendfeuerwehr-westergellersen.de\/index.php?rest_route=\/wp\/v2\/users\/1"}],"replies":[{"embeddable":true,"href":"https:\/\/jugendfeuerwehr-westergellersen.de\/index.php?rest_route=%2Fwp%2Fv2%2Fcomments&post=197"}],"version-history":[{"count":1,"href":"https:\/\/jugendfeuerwehr-westergellersen.de\/index.php?rest_route=\/wp\/v2\/pages\/197\/revisions"}],"predecessor-version":[{"id":198,"href":"https:\/\/jugendfeuerwehr-westergellersen.de\/index.php?rest_route=\/wp\/v2\/pages\/197\/revisions\/198"}],"up":[{"embeddable":true,"href":"https:\/\/jugendfeuerwehr-westergellersen.de\/index.php?rest_route=\/wp\/v2\/pages\/13"}],"wp:attachment":[{"href":"https:\/\/jugendfeuerwehr-westergellersen.de\/index.php?rest_route=%2Fwp%2Fv2%2Fmedia&parent=197"}],"curies":[{"name":"wp","href":"https:\/\/api.w.org\/{rel}","templated":true}]}}