{"id":347,"date":"2016-06-04T16:47:20","date_gmt":"2016-06-04T14:47:20","guid":{"rendered":"http:\/\/jugendfeuerwehr-westergellersen.de\/?page_id=347"},"modified":"2016-06-04T22:07:14","modified_gmt":"2016-06-04T20:07:14","slug":"was-ist-kinderfeuerwehr","status":"publish","type":"page","link":"https:\/\/jugendfeuerwehr-westergellersen.de\/?page_id=347","title":{"rendered":"Was ist Kinderfeuerwehr?"},"content":{"rendered":"<div id=\"pl-347\"  class=\"panel-layout\" ><div id=\"pg-347-0\"  class=\"panel-grid panel-no-style\" ><div id=\"pgc-347-0-0\"  class=\"panel-grid-cell\" ><div id=\"panel-347-0-0-0\" class=\"so-panel widget widget_black-studio-tinymce widget_black_studio_tinymce panel-first-child panel-last-child\" data-index=\"0\" ><div class=\"textwidget\"><p>Die <b>Kinderfeuerwehr<\/b> ist f\u00fcr feuerwehrinteressierte Kinder im Alter zwischen 6-10 Jahren gedacht. Sie soll den Kindern die M\u00f6glichkeit bieten, die Feuerwehr kennen zulernen, Gemeinschaft und Teamarbeit in Aktionen mit Spa\u00df und Spiel zu erleben.<\/p>\n<p>Zu den Aufgaben und Ziele einer Kinderfeuerwehr\u00a0geh\u00f6ren unter anderem:<\/p>\n<p><strong>F\u00f6rderung von\u201eFachkompetenzen\u201c<\/strong><\/p>\n<ul>\n<li>Notruf 112<\/li>\n<li>Verhalten im Brandfall<\/li>\n<li>Verhalten bei Gefahr (allgemein)<\/li>\n<li>Feuerwehr allgemein\u00a0<\/li>\n<li>Umgang mit Z\u00fcndmittel und brennbaren Materialien<\/li>\n<li>Verkehrserziehung<\/li>\n<li>Kleine Erste Hilfe f\u00fcr Kinder (evtl. mit Hilfsorganisationen)<\/li>\n<li>Umgang mit dem Element \u201eWasser\u201c, Baderegeln (evtl. mit DLRG)<\/li>\n<\/ul>\n<p><strong>F\u00f6rderung von \u201eSozialkompetenzen\u201c<\/strong><\/p>\n<ul>\n<li>Sport und Bewegung (Motorik)<\/li>\n<li>St\u00e4rkung des Selbstwertes und \u00c4ngste nehmen<\/li>\n<li>Training des Sozialverhaltens<\/li>\n<li>Rollenspiele von Verhaltensregeln<\/li>\n<\/ul>\n<p><strong>Allgemeine Freizeitbesch\u00e4ftigung f\u00fcr Kinder<\/strong><\/p>\n<ul>\n<li>Spielen<\/li>\n<li>Ausfl\u00fcge, Erlebniswanderungen<\/li>\n<li>Besuche (z.B. Feuerwehr, Rettungsdienst, THW, DLRG, Polizei, Rettungshundestaffel)<\/li>\n<li>Teilnahme am Laternenumzug\u00a0als Gruppe<\/li>\n<\/ul>\n<\/div><\/div><\/div><\/div><\/div>","protected":false},"excerpt":{"rendered":"<div class=\"mh-excerpt\"><p>Die Kinderfeuerwehr ist f\u00fcr feuerwehrinteressierte Kinder im Alter zwischen 6-10 Jahren gedacht. Sie soll den Kindern die M\u00f6glichkeit bieten, die Feuerwehr kennen zulernen, Gemeinschaft und <a class=\"mh-excerpt-more\" href=\"https:\/\/jugendfeuerwehr-westergellersen.de\/?page_id=347\" title=\"Was ist Kinderfeuerwehr?\">[&#8230;]<\/a><\/p>\n<\/div>","protected":false},"author":1,"featured_media":0,"parent":15,"menu_order":0,"comment_status":"closed","ping_status":"closed","template":"","meta":{"spay_email":""},"jetpack_sharing_enabled":true,"jetpack_shortlink":"https:\/\/wp.me\/P7eLU6-5B","jetpack-related-posts":[{"id":159,"url":"https:\/\/jugendfeuerwehr-westergellersen.de\/?page_id=159","url_meta":{"origin":347,"position":0},"title":"Geschichte","date":"23. August 2015","format":false,"excerpt":"Unser Kinderfeuerwehr ist am 05.09.2014 in die Probephase gestartet. Die Idee zur Gr\u00fcndung ein Kinderfeuerwehr hatte unsere damalige Jugendliche Laura Buschmann aus der Jugendfeuerwehr. Die Betreuer der Jugendfeuerwehr gr\u00fcndeten ein Projektteam. Dominique Vogt erkl\u00e4rte sich bereit die Kinderfeuerwehr von nun an zu leiten. \u00a0Nach einem erfolgreichen Start und vielen tollen\u2026","rel":"","context":"\u00c4hnlicher Beitrag","img":{"alt_text":"","src":"","width":0,"height":0},"classes":[]},{"id":197,"url":"https:\/\/jugendfeuerwehr-westergellersen.de\/?page_id=197","url_meta":{"origin":347,"position":1},"title":"Der Sicherheitstag","date":"3. September 2015","format":false,"excerpt":"Sicherheitstag bei der Jugendfeuerwehr WestergellersenWestergellersen. Ein\u00a0Jahr Organisation und Vorbereitung lag hinter\u00a0Jugendfeuerwehrwart Christian Vorbringer und seinem engagiertem Betreuerteam. So konnte der erste Sicherheitstag der Jugendfeuerwehr Westergellersen am 13.09.2014 stattfinden. Das Gel\u00e4nde an der Twiete, dankenswerter Weise von der Familie Putensen zur Verf\u00fcgung gestellt, bot den richtigen Rahmen, in dem sich Hilfsorganisationen\u2026","rel":"","context":"\u00c4hnlicher Beitrag","img":{"alt_text":"","src":"https:\/\/i0.wp.com\/jugendfeuerwehr-westergellersen.de\/images\/content\/Kinderfeuerwehr\/KuppelkontestHomepage.gif?resize=350%2C200","width":350,"height":200},"classes":[]},{"id":165,"url":"https:\/\/jugendfeuerwehr-westergellersen.de\/?page_id=165","url_meta":{"origin":347,"position":2},"title":"Brandus der L\u00f6schdrache","date":"23. August 2015","format":false,"excerpt":"Hallo ich bin der kleine BrandusHallo liebe Eltern und liebe Kinder,ich bin ein kleiner Drache und wenn ich gro\u00df bin, dann m\u00f6chte ich L\u00f6schdrache werden. Deswegen bin ich auch schon in die Kinderfeuerwehr Westergellersen eingetreten und habe dort schon gaaaa....nz viele Freunde kennen gelernt. Die wollen auch alle L\u00f6schdrachen werden.\u2026","rel":"","context":"\u00c4hnlicher Beitrag","img":{"alt_text":"","src":"","width":0,"height":0},"classes":[]},{"id":167,"url":"https:\/\/jugendfeuerwehr-westergellersen.de\/?page_id=167","url_meta":{"origin":347,"position":3},"title":"Dienstplan","date":"23. August 2015","format":false,"excerpt":"Dienstplan der Kinderfeuerwehr PDF-Download \u00a0 Januar 08.01.2016 Fit for Fun (Sporthalle) oder Schlittenfahren Domi Februar 05.02.2016 Vorbereitung Kinderfasching Tara Februar 06.02.2016 Kinderfasching \u00a0 Domi M\u00e4rz 04.03.2016 Erste Hilfe Christian April 15.04.2016 Raus aus dem Feuerwehrhaus Laura Mai 13.05.2016 Experimente mit \u00d6l und Feuer Julia Juni 03.06.2016 Sommerabschluss Domi August 05.08.2016\u2026","rel":"","context":"\u00c4hnlicher Beitrag","img":{"alt_text":"","src":"","width":0,"height":0},"classes":[]},{"id":5,"url":"https:\/\/jugendfeuerwehr-westergellersen.de\/","url_meta":{"origin":347,"position":4},"title":"Willkommen","date":"20. Juli 2015","format":false,"excerpt":"Jugend- und Kinderfeuerwehr Westergellersen jf_wg [Tannenbaumeinsammeln 2022 f\u00e4llt aus] Wie auch i 1.Platz beim Orientierungsmarsch der Jugendfeuerwe Auch in den letzten 2 Wochen war es nicht ruhig be Passend zur M\u00fcllsammelaktion hat unser Jugendwart M\u00fcllsammelaktion bei der Jugendfeuerwehr Westerge #njfknipst #Jugendfeuerwehr #Jugendfeuerwehrwest #njfknipst \ud83d\udcf8@sascha_vogt112 feuerwehr #Jugend #njfknipst #njfknipst \ud83d\udcf8@sascha_vogt112 #feuerwehr\u2026","rel":"","context":"\u00c4hnlicher Beitrag","img":{"alt_text":"","src":"https:\/\/i0.wp.com\/jugendfeuerwehr-westergellersen.de\/wp\/wp-content\/uploads\/2016\/09\/1.jpg?fit=1200%2C848&ssl=1&resize=350%2C200","width":350,"height":200},"classes":[]},{"id":59,"url":"https:\/\/jugendfeuerwehr-westergellersen.de\/?page_id=59","url_meta":{"origin":347,"position":5},"title":"Was ist Jugendfeuerwehr?","date":"16. August 2015","format":false,"excerpt":"Die Jugendfeuerwehr Westergellersen findet sich jeden Freitag (au\u00dfer in den Ferien) zusammen. Aber was macht man eigentlich bei einer Jugendfeuerwehr?? Ein Jugendfeuerwehrdienst bei uns, kann fast alles bieten.Ein gro\u00dfer Teil unserer Dienste ist nat\u00fcrlich der Bereich der Feuerwehrtechnik.Eine der Grundaufgaben bei der Feuerwehr ist der L\u00f6schangriff. Die \u00dcbung zeigt den\u2026","rel":"","context":"\u00c4hnlicher Beitrag","img":{"alt_text":"","src":"https:\/\/i0.wp.com\/jugendfeuerwehr-westergellersen.de\/images\/content\/Bilder12\/JF-Dienst\/Unbenannt.JPG?resize=350%2C200","width":350,"height":200},"classes":[]}],"_links":{"self":[{"href":"https:\/\/jugendfeuerwehr-westergellersen.de\/index.php?rest_route=\/wp\/v2\/pages\/347"}],"collection":[{"href":"https:\/\/jugendfeuerwehr-westergellersen.de\/index.php?rest_route=\/wp\/v2\/pages"}],"about":[{"href":"https:\/\/jugendfeuerwehr-westergellersen.de\/index.php?rest_route=\/wp\/v2\/types\/page"}],"author":[{"embeddable":true,"href":"https:\/\/jugendfeuerwehr-westergellersen.de\/index.php?rest_route=\/wp\/v2\/users\/1"}],"replies":[{"embeddable":true,"href":"https:\/\/jugendfeuerwehr-westergellersen.de\/index.php?rest_route=%2Fwp%2Fv2%2Fcomments&post=347"}],"version-history":[{"count":4,"href":"https:\/\/jugendfeuerwehr-westergellersen.de\/index.php?rest_route=\/wp\/v2\/pages\/347\/revisions"}],"predecessor-version":[{"id":362,"href":"https:\/\/jugendfeuerwehr-westergellersen.de\/index.php?rest_route=\/wp\/v2\/pages\/347\/revisions\/362"}],"up":[{"embeddable":true,"href":"https:\/\/jugendfeuerwehr-westergellersen.de\/index.php?rest_route=\/wp\/v2\/pages\/15"}],"wp:attachment":[{"href":"https:\/\/jugendfeuerwehr-westergellersen.de\/index.php?rest_route=%2Fwp%2Fv2%2Fmedia&parent=347"}],"curies":[{"name":"wp","href":"https:\/\/api.w.org\/{rel}","templated":true}]}}