{"id":48,"date":"2015-08-16T16:30:15","date_gmt":"2015-08-16T14:30:15","guid":{"rendered":"http:\/\/jugendfeuerwehr-westergellersen.de\/wp\/?page_id=48"},"modified":"2022-02-01T21:03:04","modified_gmt":"2022-02-01T20:03:04","slug":"geschichte","status":"publish","type":"page","link":"https:\/\/jugendfeuerwehr-westergellersen.de\/?page_id=48","title":{"rendered":"Geschichte"},"content":{"rendered":"<div id=\"pl-48\"  class=\"panel-layout\" ><div id=\"pg-48-0\"  class=\"panel-grid panel-no-style\" ><div id=\"pgc-48-0-0\"  class=\"panel-grid-cell\" ><div id=\"panel-48-0-0-0\" class=\"so-panel widget widget_black-studio-tinymce widget_black_studio_tinymce panel-first-child panel-last-child\" data-index=\"0\" ><h3 class=\"widget-title\">Geschichte der Jugendfeuerwehr Westergellersen<\/h3><div class=\"textwidget\"><p style=\"text-align: left;\">Die Jugendfeuerwehr Westergellersen wurde anl\u00e4sslich des 100-j\u00e4hrigen Bestehens der Freiwilligen Feuerwehr Westergellersen ins Leben gerufen.<br \/>\nDer Anfang war von einigen Startschwierigkeiten begleitet. So fehlte es vor allem an R\u00e4umlichkeiten und sanit\u00e4ren Anlagen. Aus diesen Gr\u00fcnden wurde die Bildung einer Jugendfeuerwehr im Ort immer wieder verschoben.<br \/>\nMit dem Bau des neuen Feuerwehrger\u00e4tehauses im Einemhofer Weg wurde letztlich auch der Grundstein f\u00fcr die Jugendfeuerwehr Westergellersen gelegt.<\/p>\n<p style=\"text-align: left;\"><a href=\"https:\/\/i0.wp.com\/jugendfeuerwehr-westergellersen.de\/wp\/wp-content\/uploads\/2015\/08\/Grndungsfoto.png\"><img data-attachment-id=\"50\" data-permalink=\"https:\/\/jugendfeuerwehr-westergellersen.de\/?attachment_id=50\" data-orig-file=\"https:\/\/i0.wp.com\/jugendfeuerwehr-westergellersen.de\/wp\/wp-content\/uploads\/2015\/08\/Grndungsfoto.png?fit=612%2C382&amp;ssl=1\" data-orig-size=\"612,382\" data-comments-opened=\"1\" data-image-meta=\"{&quot;aperture&quot;:&quot;0&quot;,&quot;credit&quot;:&quot;&quot;,&quot;camera&quot;:&quot;&quot;,&quot;caption&quot;:&quot;&quot;,&quot;created_timestamp&quot;:&quot;0&quot;,&quot;copyright&quot;:&quot;&quot;,&quot;focal_length&quot;:&quot;0&quot;,&quot;iso&quot;:&quot;0&quot;,&quot;shutter_speed&quot;:&quot;0&quot;,&quot;title&quot;:&quot;&quot;,&quot;orientation&quot;:&quot;0&quot;}\" data-image-title=\"Grndungsfoto\" data-image-description=\"\" data-image-caption=\"\" data-medium-file=\"https:\/\/i0.wp.com\/jugendfeuerwehr-westergellersen.de\/wp\/wp-content\/uploads\/2015\/08\/Grndungsfoto.png?fit=300%2C187&amp;ssl=1\" data-large-file=\"https:\/\/i0.wp.com\/jugendfeuerwehr-westergellersen.de\/wp\/wp-content\/uploads\/2015\/08\/Grndungsfoto.png?fit=612%2C382&amp;ssl=1\" class=\"alignleft wp-image-50 size-full\" src=\"https:\/\/i0.wp.com\/jugendfeuerwehr-westergellersen.de\/wp\/wp-content\/uploads\/2015\/08\/Grndungsfoto.png?resize=612%2C382\" alt=\"Grndungsfoto\" width=\"612\" height=\"382\" data-recalc-dims=\"1\" \/><\/a><\/p>\n<p>&nbsp;<\/p>\n<p>&nbsp;<\/p>\n<p>&nbsp;<\/p>\n<p>&nbsp;<\/p>\n<p>&nbsp;<\/p>\n<p>&nbsp;<\/p>\n<p>&nbsp;<\/p>\n<p>&nbsp;<\/p>\n<p>&nbsp;<\/p>\n<p>&nbsp;<\/p>\n<p>&nbsp;<\/p>\n<p style=\"text-align: left;\">Der 27.Mai 1987 gilt als Gr\u00fcndungsdatum der Jugendfeuerwehr Westergellersen.<br \/>\nViele der Gr\u00fcndungsmitglieder sind auch heute noch in der Freiwilligen Feuerwehr aktiv und unterst\u00fctzen diese tatkr\u00e4ftig.<br \/>\nDerzeit hat die Jugendfeuerwehr Westergellersen\u00a018 Mitglieder. Davon sind\u00a05 M\u00e4dchen und\u00a013 Jungen, im Alter von 10 bis 18 Jahren.<\/p>\n<h3>Jugendfeuerwehrwarte der Feuerwehr Westergellersen<\/h3>\n<p>25.Mai 1987 - Juni 1990<br \/>\nReinhardt Alex<\/p>\n<p>Juni 1990 - M\u00e4rz 1993<br \/>\nHans-Hermann L\u00fchrs<\/p>\n<p>M\u00e4rz 1993 - Januar 1996<br \/>\nReinhardt Alex<\/p>\n<p>Januar 1996 - M\u00e4rz 1999<br \/>\nHenning Albers<\/p>\n<p>M\u00e4rz 1999 - M\u00e4rz 2002<br \/>\nHans-Peter Raschke<\/p>\n<p>M\u00e4rz 2002 - November 2009<br \/>\nMatthias Knaack<\/p>\n<p>November 2009 - April 2010<br \/>\nBj\u00f6rn Ollik<\/p>\n<p>Seit 01.Mai 2010 - M\u00e4rz 2019<br \/>\nChristian Vorbringer<\/p>\n<p>Seit 08. M\u00e4rz 2019<br \/>\nSascha Vogt<\/p>\n<\/div><\/div><\/div><\/div><\/div>","protected":false},"excerpt":{"rendered":"<div class=\"mh-excerpt\"><p>Die Jugendfeuerwehr Westergellersen wurde anl\u00e4sslich des 100-j\u00e4hrigen Bestehens der Freiwilligen Feuerwehr Westergellersen ins Leben gerufen. Der Anfang war von einigen Startschwierigkeiten begleitet. So fehlte es <a class=\"mh-excerpt-more\" href=\"https:\/\/jugendfeuerwehr-westergellersen.de\/?page_id=48\" title=\"Geschichte\">[&#8230;]<\/a><\/p>\n<\/div>","protected":false},"author":1,"featured_media":0,"parent":13,"menu_order":1,"comment_status":"closed","ping_status":"closed","template":"","meta":{"spay_email":""},"jetpack_sharing_enabled":true,"jetpack_shortlink":"https:\/\/wp.me\/P7eLU6-M","jetpack-related-posts":[{"id":159,"url":"https:\/\/jugendfeuerwehr-westergellersen.de\/?page_id=159","url_meta":{"origin":48,"position":0},"title":"Geschichte","date":"23. August 2015","format":false,"excerpt":"Unser Kinderfeuerwehr ist am 05.09.2014 in die Probephase gestartet. Die Idee zur Gr\u00fcndung ein Kinderfeuerwehr hatte unsere damalige Jugendliche Laura Buschmann aus der Jugendfeuerwehr. Die Betreuer der Jugendfeuerwehr gr\u00fcndeten ein Projektteam. Dominique Vogt erkl\u00e4rte sich bereit die Kinderfeuerwehr von nun an zu leiten. \u00a0Nach einem erfolgreichen Start und vielen tollen\u2026","rel":"","context":"\u00c4hnlicher Beitrag","img":{"alt_text":"","src":"","width":0,"height":0},"classes":[]},{"id":197,"url":"https:\/\/jugendfeuerwehr-westergellersen.de\/?page_id=197","url_meta":{"origin":48,"position":1},"title":"Der Sicherheitstag","date":"3. September 2015","format":false,"excerpt":"Sicherheitstag bei der Jugendfeuerwehr WestergellersenWestergellersen. Ein\u00a0Jahr Organisation und Vorbereitung lag hinter\u00a0Jugendfeuerwehrwart Christian Vorbringer und seinem engagiertem Betreuerteam. So konnte der erste Sicherheitstag der Jugendfeuerwehr Westergellersen am 13.09.2014 stattfinden. Das Gel\u00e4nde an der Twiete, dankenswerter Weise von der Familie Putensen zur Verf\u00fcgung gestellt, bot den richtigen Rahmen, in dem sich Hilfsorganisationen\u2026","rel":"","context":"\u00c4hnlicher Beitrag","img":{"alt_text":"","src":"https:\/\/i0.wp.com\/jugendfeuerwehr-westergellersen.de\/images\/content\/Kinderfeuerwehr\/KuppelkontestHomepage.gif?resize=350%2C200","width":350,"height":200},"classes":[]},{"id":5,"url":"https:\/\/jugendfeuerwehr-westergellersen.de\/","url_meta":{"origin":48,"position":2},"title":"Willkommen","date":"20. Juli 2015","format":false,"excerpt":"Jugend- und Kinderfeuerwehr Westergellersen jf_wg [Tannenbaumeinsammeln 2022 f\u00e4llt aus] Wie auch i 1.Platz beim Orientierungsmarsch der Jugendfeuerwe Auch in den letzten 2 Wochen war es nicht ruhig be Passend zur M\u00fcllsammelaktion hat unser Jugendwart M\u00fcllsammelaktion bei der Jugendfeuerwehr Westerge #njfknipst #Jugendfeuerwehr #Jugendfeuerwehrwest #njfknipst \ud83d\udcf8@sascha_vogt112 feuerwehr #Jugend #njfknipst #njfknipst \ud83d\udcf8@sascha_vogt112 #feuerwehr\u2026","rel":"","context":"\u00c4hnlicher Beitrag","img":{"alt_text":"","src":"https:\/\/i0.wp.com\/jugendfeuerwehr-westergellersen.de\/wp\/wp-content\/uploads\/2016\/09\/1.jpg?fit=1200%2C848&ssl=1&resize=350%2C200","width":350,"height":200},"classes":[]},{"id":65,"url":"https:\/\/jugendfeuerwehr-westergellersen.de\/?page_id=65","url_meta":{"origin":48,"position":3},"title":"Partnerjugendfeuerwehren","date":"16. August 2015","format":false,"excerpt":"Ausleben Die Gemeinde Ausleben mit ihren vier Ortsteilen (Ausleben, Ottleben, Warsleben und \u00dcplingen) befindet sich in der Magdeburger B\u00f6rde in der N\u00e4he der Stadt Oschersleben in Sachsen-Anhalt. Die Partnerschaft entstand im Jahre 2010 durch\u00a0unseren ehemaligen Jugendfeuerwehrwart\u00a0Bj\u00f6rn Ollik.\u00a0Seit diesem Zeitpunkt finden regelm\u00e4\u00dfig gemeinsame Seminarwochenenden, Ausfahrten oder auch Wettbewerbe statt. Hier geht\u2026","rel":"","context":"\u00c4hnlicher Beitrag","img":{"alt_text":"","src":"https:\/\/i0.wp.com\/jugendfeuerwehr-westergellersen.de\/images\/content\/fuhrpark_gross.jpg?resize=350%2C200","width":350,"height":200},"classes":[]},{"id":59,"url":"https:\/\/jugendfeuerwehr-westergellersen.de\/?page_id=59","url_meta":{"origin":48,"position":4},"title":"Was ist Jugendfeuerwehr?","date":"16. August 2015","format":false,"excerpt":"Die Jugendfeuerwehr Westergellersen findet sich jeden Freitag (au\u00dfer in den Ferien) zusammen. Aber was macht man eigentlich bei einer Jugendfeuerwehr?? Ein Jugendfeuerwehrdienst bei uns, kann fast alles bieten.Ein gro\u00dfer Teil unserer Dienste ist nat\u00fcrlich der Bereich der Feuerwehrtechnik.Eine der Grundaufgaben bei der Feuerwehr ist der L\u00f6schangriff. Die \u00dcbung zeigt den\u2026","rel":"","context":"\u00c4hnlicher Beitrag","img":{"alt_text":"","src":"https:\/\/i0.wp.com\/jugendfeuerwehr-westergellersen.de\/images\/content\/Bilder12\/JF-Dienst\/Unbenannt.JPG?resize=350%2C200","width":350,"height":200},"classes":[]},{"id":165,"url":"https:\/\/jugendfeuerwehr-westergellersen.de\/?page_id=165","url_meta":{"origin":48,"position":5},"title":"Brandus der L\u00f6schdrache","date":"23. August 2015","format":false,"excerpt":"Hallo ich bin der kleine BrandusHallo liebe Eltern und liebe Kinder,ich bin ein kleiner Drache und wenn ich gro\u00df bin, dann m\u00f6chte ich L\u00f6schdrache werden. Deswegen bin ich auch schon in die Kinderfeuerwehr Westergellersen eingetreten und habe dort schon gaaaa....nz viele Freunde kennen gelernt. Die wollen auch alle L\u00f6schdrachen werden.\u2026","rel":"","context":"\u00c4hnlicher Beitrag","img":{"alt_text":"","src":"","width":0,"height":0},"classes":[]}],"_links":{"self":[{"href":"https:\/\/jugendfeuerwehr-westergellersen.de\/index.php?rest_route=\/wp\/v2\/pages\/48"}],"collection":[{"href":"https:\/\/jugendfeuerwehr-westergellersen.de\/index.php?rest_route=\/wp\/v2\/pages"}],"about":[{"href":"https:\/\/jugendfeuerwehr-westergellersen.de\/index.php?rest_route=\/wp\/v2\/types\/page"}],"author":[{"embeddable":true,"href":"https:\/\/jugendfeuerwehr-westergellersen.de\/index.php?rest_route=\/wp\/v2\/users\/1"}],"replies":[{"embeddable":true,"href":"https:\/\/jugendfeuerwehr-westergellersen.de\/index.php?rest_route=%2Fwp%2Fv2%2Fcomments&post=48"}],"version-history":[{"count":8,"href":"https:\/\/jugendfeuerwehr-westergellersen.de\/index.php?rest_route=\/wp\/v2\/pages\/48\/revisions"}],"predecessor-version":[{"id":606,"href":"https:\/\/jugendfeuerwehr-westergellersen.de\/index.php?rest_route=\/wp\/v2\/pages\/48\/revisions\/606"}],"up":[{"embeddable":true,"href":"https:\/\/jugendfeuerwehr-westergellersen.de\/index.php?rest_route=\/wp\/v2\/pages\/13"}],"wp:attachment":[{"href":"https:\/\/jugendfeuerwehr-westergellersen.de\/index.php?rest_route=%2Fwp%2Fv2%2Fmedia&parent=48"}],"curies":[{"name":"wp","href":"https:\/\/api.w.org\/{rel}","templated":true}]}}