{"id":502,"date":"2018-10-03T21:40:54","date_gmt":"2018-10-03T19:40:54","guid":{"rendered":"http:\/\/jugendfeuerwehr-westergellersen.de\/?page_id=502"},"modified":"2018-10-03T21:45:26","modified_gmt":"2018-10-03T19:45:26","slug":"kontakt","status":"publish","type":"page","link":"https:\/\/jugendfeuerwehr-westergellersen.de\/?page_id=502","title":{"rendered":"Kontakt"},"content":{"rendered":"<form enctype=\"multipart\/form-data\" method=\"post\" id=\"psfb501\" action=\"https:\/\/jugendfeuerwehr-westergellersen.de\/?page_id=502\" class=\"planso-form-builder\" data-id=\"501\" data-cnt=\"1\" id=\"planso_forms_501_1\" data-locale=\"de\" data-locale_long=\"de_DE\" data-datepicker=\"bootstrap-datetimepicker\" data-date_format=\"j. F Y\" data-moment_date_format=\"D. MMMM YYYY\" data-jqueryui_date_format=\"d. MM yy\" data-eternicode_date_format=\"d. MM yyyy\"><div class=\"container-fluid\"><input type=\"hidden\" name=\"psfb_pageurl\" value=\"https:\/\/jugendfeuerwehr-westergellersen.de\/?page_id=502\"\/><input type=\"hidden\" name=\"psfb_userip\" value=\"216.73.216.229\"\/><input type=\"hidden\" name=\"psfb_useragent\" value=\"Mozilla\/5.0 AppleWebKit\/537.36 (KHTML, like Gecko; compatible; ClaudeBot\/1.0; +claudebot@anthropic.com)\"\/><input type=\"hidden\" name=\"psfb_landingpage\" value=\"http:\/\/jugendfeuerwehr-westergellersen.de\/index.php?rest_route=%2Fwp%2Fv2%2Fpages%2F502\"\/><input type=\"hidden\" name=\"psfb_referer\" value=\"Direct\"\/><input type=\"hidden\" name=\"psfb_page_id\" value=\"502\"\/><input type=\"hidden\" name=\"psfb_form_submit\" value=\"1\"\/><input type=\"hidden\" name=\"psfb_form_id\" value=\"501\"\/><input type=\"hidden\" name=\"psfb_form_cnt\" value=\"1\"\/><div style=\"display:none\"><input type=\"text\" name=\"psfb_hon_as\"\/><\/div><div style=\"display:none\"><input type=\"text\" name=\"psfb_hon_as2\" id=\"psfb_hon_as2_501_1\" value=\"30dbf019aacdc6d58902db2dcff8356f\"\/><\/div><div style=\"display:none\"><input type=\"text\" name=\"psfb_cnt_check\" value=\"1\"\/><\/div><div class=\"row\"><div class=\"col-md-6\"><div class=\"form-group psfb-single-container\"><label class=\"control-label\" for=\"psfield_501_1\">Vorname<\/label><input type=\"text\" name=\"Vorname\" value=\"\" class=\"form-control \" id=\"psfield_501_1\" style=\"\"\/><\/div><\/div><div class=\"col-md-6\"><div class=\"form-group psfb-single-container\"><label class=\"control-label\" for=\"psfield_501_2\">Vorname<\/label><input type=\"text\" name=\"Vorname\" value=\"\" class=\"form-control \" id=\"psfield_501_2\" style=\"\"\/><\/div><\/div><\/div><div class=\"row\"><div class=\"col-md-4\"><div class=\"form-group psfb-single-container\"><label class=\"control-label\" for=\"psfield_501_3\">E-Mail<\/label><input type=\"email\" name=\"E_Mail\" value=\"\" class=\"form-control \" id=\"psfield_501_3\" style=\"\"\/><\/div><\/div><div class=\"col-md-4\"><div class=\"form-group psfb-single-container\"><label class=\"control-label\" for=\"psfield_501_4\">Telefon<\/label><input type=\"tel\" name=\"Telefon\" value=\"\" class=\"form-control \" id=\"psfield_501_4\" style=\"\"\/><\/div><\/div><div class=\"col-md-4\"><div class=\"form-group psfb-single-container\"><label class=\"control-label\" for=\"psfield_501_5\">Mobiltelefon<\/label><input type=\"tel\" name=\"Mobiltelefon\" value=\"\" class=\"form-control \" id=\"psfield_501_5\" style=\"\"\/><\/div><\/div><\/div><div class=\"row\"><div class=\"col-md-12\"><div class=\"form-group psfb-single-container\"><label class=\"control-label\" for=\"psfield_501_6\">Mehrzeiliger Text<\/label><textarea name=\"Mehrzeiliger_Text\" class=\"form-control \" id=\"psfield_501_6\" style=\"\"><\/textarea><\/div><\/div><\/div><div class=\"row\"><div class=\"col-md-12\"><div class=\"form-group psfb-single-container\"><div style=\"position:relative;z-index:1;\"><button type=\"submit\" class=\"btn btn-primary \" id=\"psfield_501_7\" style=\"\">Senden<\/button><\/div><\/div><\/div><\/div><\/div><\/form>\n","protected":false},"excerpt":{"rendered":"<div class=\"mh-excerpt\"><\/div>","protected":false},"author":1,"featured_media":0,"parent":0,"menu_order":0,"comment_status":"closed","ping_status":"closed","template":"","meta":{"spay_email":""},"jetpack_sharing_enabled":true,"jetpack_shortlink":"https:\/\/wp.me\/P7eLU6-86","jetpack-related-posts":[{"id":32,"url":"https:\/\/jugendfeuerwehr-westergellersen.de\/?page_id=32","url_meta":{"origin":502,"position":0},"title":"Impressum","date":"20. Juli 2015","format":false,"excerpt":"Wir informieren Sie nachfolgend gem\u00e4\u00df den gesetzlichen Vorgaben des Datenschutzrechts (insb. gem\u00e4\u00df BDSG n.F. und der europ\u00e4ischen Datenschutz-Grundverordnung \u201aDS-GVO\u2018) \u00fcber die Art, den Umfang und Zweck der Verarbeitung personenbezogener Daten durch unser Unternehmen.\u00a0Diese Datenschutzerkl\u00e4rung gilt auch f\u00fcr unsere Websites und Sozial-Media-Profile. Bez\u00fcglich der Definition von Begriffen wie etwa \u201epersonenbezogene Daten\u201c\u2026","rel":"","context":"\u00c4hnlicher Beitrag","img":{"alt_text":"","src":"","width":0,"height":0},"classes":[]}],"_links":{"self":[{"href":"https:\/\/jugendfeuerwehr-westergellersen.de\/index.php?rest_route=\/wp\/v2\/pages\/502"}],"collection":[{"href":"https:\/\/jugendfeuerwehr-westergellersen.de\/index.php?rest_route=\/wp\/v2\/pages"}],"about":[{"href":"https:\/\/jugendfeuerwehr-westergellersen.de\/index.php?rest_route=\/wp\/v2\/types\/page"}],"author":[{"embeddable":true,"href":"https:\/\/jugendfeuerwehr-westergellersen.de\/index.php?rest_route=\/wp\/v2\/users\/1"}],"replies":[{"embeddable":true,"href":"https:\/\/jugendfeuerwehr-westergellersen.de\/index.php?rest_route=%2Fwp%2Fv2%2Fcomments&post=502"}],"version-history":[{"count":4,"href":"https:\/\/jugendfeuerwehr-westergellersen.de\/index.php?rest_route=\/wp\/v2\/pages\/502\/revisions"}],"predecessor-version":[{"id":509,"href":"https:\/\/jugendfeuerwehr-westergellersen.de\/index.php?rest_route=\/wp\/v2\/pages\/502\/revisions\/509"}],"wp:attachment":[{"href":"https:\/\/jugendfeuerwehr-westergellersen.de\/index.php?rest_route=%2Fwp%2Fv2%2Fmedia&parent=502"}],"curies":[{"name":"wp","href":"https:\/\/api.w.org\/{rel}","templated":true}]}}