{"id":59,"date":"2015-08-16T17:03:17","date_gmt":"2015-08-16T15:03:17","guid":{"rendered":"http:\/\/jugendfeuerwehr-westergellersen.de\/wp\/?page_id=59"},"modified":"2015-09-03T11:08:16","modified_gmt":"2015-09-03T09:08:16","slug":"was-ist-jugendfeuerwehr","status":"publish","type":"page","link":"https:\/\/jugendfeuerwehr-westergellersen.de\/?page_id=59","title":{"rendered":"Was ist Jugendfeuerwehr?"},"content":{"rendered":"<div id=\"pl-59\"  class=\"panel-layout\" ><div id=\"pg-59-0\"  class=\"panel-grid panel-no-style\" ><div id=\"pgc-59-0-0\"  class=\"panel-grid-cell\" ><div id=\"panel-59-0-0-0\" class=\"so-panel widget widget_black-studio-tinymce widget_black_studio_tinymce panel-first-child panel-last-child\" data-index=\"0\" ><div class=\"textwidget\"><p>Die Jugendfeuerwehr Westergellersen findet sich jeden Freitag (au\u00dfer in den Ferien) zusammen. Aber was macht man eigentlich bei einer Jugendfeuerwehr??<\/p>\n<div>Ein Jugendfeuerwehrdienst bei uns, kann fast alles bieten.<\/div>\n<div>Ein gro\u00dfer Teil unserer Dienste ist nat\u00fcrlich der Bereich der Feuerwehrtechnik.<\/div>\n<div>Eine der Grundaufgaben bei der Feuerwehr ist der L\u00f6schangriff. Die \u00dcbung zeigt den Jugendlichen sehr deutlich, wie das Vorgehen der Feuerwehr in einem Brandeinsatz abl\u00e4uft. Mit an vorderster Stelle steht die Teamarbeit. Die Gruppe muss Hand in Hand arbeiten. Nur so kann sie die Wasserverbindung aufbauen und das Feuer schnell l\u00f6schen.\u00a0<\/p>\n<p><img src=\"https:\/\/i0.wp.com\/jugendfeuerwehr-westergellersen.de\/images\/content\/Bilder12\/JF-Dienst\/P1000901.JPG?resize=300%2C225\" alt=\"\" width=\"300\" height=\"225\" data-recalc-dims=\"1\" \/>\u00a0 <img src=\"https:\/\/i0.wp.com\/jugendfeuerwehr-westergellersen.de\/images\/content\/Bilder12\/JF-Dienst\/P1000940.JPG?resize=300%2C225\" alt=\"\" width=\"300\" height=\"225\" data-recalc-dims=\"1\" \/><br \/>\u00a0<\/div>\n<div>Das Feuerl\u00f6schen ist allerdings nicht so einfach. Es gibt neben Wasser auch andere L\u00f6schmittel, wie zum Beispiel der Feuerl\u00f6scher, L\u00f6schdecke, Sand, Cola, Priel usw. Cola und Priel? Das funktioniert zum Beispiel bei einem Fettbrand. Diese Themenbereiche sind sehr umfangreich und wir besch\u00e4ftigen uns dabei unteranderem mit dem SchulfachChemie. N\u00e4heres dazu zeigen wir euch in unserem Dienst \u201eWas ist Feuer?!\u201c.<br \/>\u00a0<br \/><img src=\"https:\/\/i0.wp.com\/jugendfeuerwehr-westergellersen.de\/images\/content\/Bilder12\/JF-Dienst\/Unbenannt.JPG?resize=600%2C337\" alt=\"\" width=\"600\" height=\"337\" data-recalc-dims=\"1\" \/><br \/>\u00a0<\/div>\n<div>Die Feuerwehr hat neben den Schl\u00e4uchen und Strahlrohren auch einige interessantetechnische Ger\u00e4te zu bieten. Wir zeigen den Jugendlichen wie sie funktionieren und f\u00fcr welche Bereiche sie eingesetzt werden k\u00f6nnen. In den Vorf\u00fchrungen oder auch bei den Versuchen der Jugendlichen, bringen wir ihnen auch Grundlagen der Physik bei. So lernen sie zum Beispiel mit einem Greifzug zu arbeiten oder den Umgang mit einer hydraulisch betriebenen Rettungsschere.<\/div>\n<div><img src=\"https:\/\/i0.wp.com\/jugendfeuerwehr-westergellersen.de\/images\/content\/Bilder12\/Bodenwerder\/P1010601.JPG?resize=200%2C267\" alt=\"\" width=\"200\" height=\"267\" data-recalc-dims=\"1\" \/>\u00a0\u00a0<img src=\"https:\/\/i0.wp.com\/jugendfeuerwehr-westergellersen.de\/images\/content\/Bilder12\/Bodenwerder\/P1010460.JPG?resize=350%2C263\" alt=\"\" width=\"350\" height=\"263\" data-recalc-dims=\"1\" \/><br \/>\u00a0<\/div>\n<div>Ein weiteres gro\u00dfes Thema bei der Feuerwehr ist die Erste-Hilfe. Die Jugendlichen k\u00f6nnen erlernen wie sie, zum Beispiel bei einer Schnittverletzung, Bruchverletzung bis hin zu einer bewusstlosen Person, richtig reagieren m\u00fcssen. Wie setze ich einen Notruf ab? Wie funktioniert die Stabile-Seitenlage? Wie helfe ich einer Person die unter einem Schock leidet? Hier versuchen wir haupts\u00e4chlich mit praktischen \u00dcbungen die Jugendlichen zu schulen. Ab dem 15. Lebensjahr bieten wir\u00a0zus\u00e4tzlich die M\u00f6glichkeit an, an einem Erste-Hilfe-Kurs teilzunehmen.\u00a0\u00a0<\/div>\n<div>\u00a0<\/div>\n<div>Auch ein Feuerwehrmann muss sich fit halten!<\/div>\n<div>Darum geht es viermal im Jahr zum Schwimmen und wir machen zus\u00e4tzlich Jugendfeuerwehrdienste mit Sport und Spiel. Neuerdings haben wir auch eineSportgruppe. Diese trifft sich au\u00dferhalb der Jugendfeuerwehrdienste. Dort gehen wir zum Beispiel laufen oder wir besuchen das Schwimmbad und die Sporthalle in den Wintermonaten.<\/div>\n<div>\u00a0<\/div>\n<div>Neben dem normalen Alltag bei Jugendfeuerwehr machen wir auch \u201ekreative Dienste\u201c. So wird zum Beispiel gekocht oder zu Weihnachten Kekse gebacken. Auch der Bastel-Spa\u00df kommt nicht zu knapp. So nahm die Jugendfeuerwehr Westergellersen an einem Wettkampf der besonderen Art teil. Sie folgte einer Einladung zum \u201e1. Bollerwagen \u2013 Wettbewerb\u00a0der Jugendfeuerwehr Hamburg\u201c der befreundeten Wehr aus Billstedt-Horn. Wir haben mit unserem gepimpten Bollerwagen gewonnen. Damit aber nicht genug! Nach dem wir unseren ersten Florian Report herausbrachten, bekamen wir viele positive R\u00fcckmeldungen. Unser Bericht kam sogar auf die Seite der Kreisjugendfeuerwehr L\u00fcneburg. Es meldete sich sogar nach kurzer Zeit der NDR und bat um ein Interview. So kamen wir mit unseren Bollerwagen ins Radio und schafften es auf die Startseite des NDR\u00b4s.<\/p>\n<p><img src=\"https:\/\/i0.wp.com\/jugendfeuerwehr-westergellersen.de\/images\/content\/Bilder12\/JF-Dienst\/Bollerwagen.jpg?resize=600%2C385\" alt=\"\" width=\"600\" height=\"385\" data-recalc-dims=\"1\" \/><\/div>\n<div>\u00a0<\/div>\n<div>Wir treten regelm\u00e4\u00dfig bei Orientierungs-\u00a0und Nachtm\u00e4rsche an. Bei diesenWettk\u00e4mpfen wird unsere Leistungsf\u00e4higkeit und Teamf\u00e4higkeit auf die Probe gestellt. An den verschiedenen Stationen wird unser Allgemeinwissen getestet, unsere Geschicklichkeit auf die Probe gestellt und sportliche Herausforderungen werden gemeistert.<\/div>\n<div><img src=\"https:\/\/i0.wp.com\/jugendfeuerwehr-westergellersen.de\/images\/content\/Bilder12\/JF-Dienst\/P1000267.JPG?resize=300%2C225\" alt=\"\" width=\"300\" height=\"225\" data-recalc-dims=\"1\" \/>\u00a0\u00a0<img src=\"https:\/\/i0.wp.com\/jugendfeuerwehr-westergellersen.de\/images\/content\/Bilder12\/JF-Dienst\/P1000468.JPG?resize=300%2C225\" alt=\"\" width=\"300\" height=\"225\" data-recalc-dims=\"1\" \/><\/div>\n<div><img src=\"https:\/\/i0.wp.com\/jugendfeuerwehr-westergellersen.de\/images\/content\/Bilder12\/JF-Dienst\/P1000803.JPG?resize=300%2C400\" alt=\"\" width=\"300\" height=\"400\" data-recalc-dims=\"1\" \/>\u00a0\u00a0<img src=\"https:\/\/i0.wp.com\/jugendfeuerwehr-westergellersen.de\/images\/content\/Bilder12\/JF-Dienst\/P1000822.JPG?resize=300%2C400\" alt=\"\" width=\"300\" height=\"400\" data-recalc-dims=\"1\" \/><\/div>\n<div>\u00a0<\/div>\n<div>Zu den H\u00f6hepunkten im Jahr z\u00e4hlen die Landes- und Kreiszeltlagern oder der Besuch im Heide-Park. Neben den Zeltlagern machen wir auch Seminare mit unseren befreundeten Feuerwehren Ausleben,\u00a0Hamburg Billstedt-Horn und Bodenwerder. Das Erste-Hilfe-Seminar und das letzte Seminar zum Thema Extremismus und Sucht waren einfach nur Klasse. F\u00fcr das Jahr 2014 ist sogar ein Abenteuer-Zeltlager im Auslandgeplant.<\/div>\n<div>Am Ende jeden Jahres machen wir noch eine sch\u00f6ne Weihnachts- bzw. Jahresabschlussfeier. Hier geht es zum Beispiel zum Bowling, in die Eishalle oder in den Center Park.<\/div>\n<div>\u00a0<\/div>\n<div>Das ist nur ein kleiner Ausschnitt aus dem Alltag der Jugendfeuerwehr Westergellersen. Bist du neugierig geworden?! Mitmachen kann jeder, der mindestens zehn Jahre alt ist. Wir treffen uns jeden Freitag (18:00 - 20.00 Uhr) am Feuerwehrger\u00e4tehaus in Westergellersen. Wenn auch Du Lust auf Feuerwehr, coole Technik, besondere Abenteuer und gute Freundschaften hast - komm einfach zu uns. Wir freuen uns auf Dich.\u00a0\u00a0<\/p>\n<p><img src=\"https:\/\/i0.wp.com\/jugendfeuerwehr-westergellersen.de\/images\/content\/Bilder12\/JF-Dienst\/P1020278.JPG?resize=600%2C450\" alt=\"\" width=\"600\" height=\"450\" data-recalc-dims=\"1\" \/><\/div>\n<\/div><\/div><\/div><\/div><\/div>","protected":false},"excerpt":{"rendered":"<div class=\"mh-excerpt\"><p>Die Jugendfeuerwehr Westergellersen findet sich jeden Freitag (au\u00dfer in den Ferien) zusammen. Aber was macht man eigentlich bei einer Jugendfeuerwehr??Ein Jugendfeuerwehrdienst bei uns, kann fast <a class=\"mh-excerpt-more\" href=\"https:\/\/jugendfeuerwehr-westergellersen.de\/?page_id=59\" title=\"Was ist Jugendfeuerwehr?\">[&#8230;]<\/a><\/p>\n<\/div>","protected":false},"author":1,"featured_media":0,"parent":13,"menu_order":2,"comment_status":"closed","ping_status":"closed","template":"","meta":{"spay_email":""},"jetpack_sharing_enabled":true,"jetpack_shortlink":"https:\/\/wp.me\/P7eLU6-X","jetpack-related-posts":[{"id":197,"url":"https:\/\/jugendfeuerwehr-westergellersen.de\/?page_id=197","url_meta":{"origin":59,"position":0},"title":"Der Sicherheitstag","date":"3. September 2015","format":false,"excerpt":"Sicherheitstag bei der Jugendfeuerwehr WestergellersenWestergellersen. Ein\u00a0Jahr Organisation und Vorbereitung lag hinter\u00a0Jugendfeuerwehrwart Christian Vorbringer und seinem engagiertem Betreuerteam. So konnte der erste Sicherheitstag der Jugendfeuerwehr Westergellersen am 13.09.2014 stattfinden. Das Gel\u00e4nde an der Twiete, dankenswerter Weise von der Familie Putensen zur Verf\u00fcgung gestellt, bot den richtigen Rahmen, in dem sich Hilfsorganisationen\u2026","rel":"","context":"\u00c4hnlicher Beitrag","img":{"alt_text":"","src":"https:\/\/i0.wp.com\/jugendfeuerwehr-westergellersen.de\/images\/content\/Kinderfeuerwehr\/KuppelkontestHomepage.gif?resize=350%2C200","width":350,"height":200},"classes":[]},{"id":5,"url":"https:\/\/jugendfeuerwehr-westergellersen.de\/","url_meta":{"origin":59,"position":1},"title":"Willkommen","date":"20. Juli 2015","format":false,"excerpt":"Jugend- und Kinderfeuerwehr Westergellersen jf_wg [Tannenbaumeinsammeln 2022 f\u00e4llt aus] Wie auch i 1.Platz beim Orientierungsmarsch der Jugendfeuerwe Auch in den letzten 2 Wochen war es nicht ruhig be Passend zur M\u00fcllsammelaktion hat unser Jugendwart M\u00fcllsammelaktion bei der Jugendfeuerwehr Westerge #njfknipst #Jugendfeuerwehr #Jugendfeuerwehrwest #njfknipst \ud83d\udcf8@sascha_vogt112 feuerwehr #Jugend #njfknipst #njfknipst \ud83d\udcf8@sascha_vogt112 #feuerwehr\u2026","rel":"","context":"\u00c4hnlicher Beitrag","img":{"alt_text":"","src":"https:\/\/i0.wp.com\/jugendfeuerwehr-westergellersen.de\/wp\/wp-content\/uploads\/2016\/09\/1.jpg?fit=1200%2C848&ssl=1&resize=350%2C200","width":350,"height":200},"classes":[]},{"id":65,"url":"https:\/\/jugendfeuerwehr-westergellersen.de\/?page_id=65","url_meta":{"origin":59,"position":2},"title":"Partnerjugendfeuerwehren","date":"16. August 2015","format":false,"excerpt":"Ausleben Die Gemeinde Ausleben mit ihren vier Ortsteilen (Ausleben, Ottleben, Warsleben und \u00dcplingen) befindet sich in der Magdeburger B\u00f6rde in der N\u00e4he der Stadt Oschersleben in Sachsen-Anhalt. Die Partnerschaft entstand im Jahre 2010 durch\u00a0unseren ehemaligen Jugendfeuerwehrwart\u00a0Bj\u00f6rn Ollik.\u00a0Seit diesem Zeitpunkt finden regelm\u00e4\u00dfig gemeinsame Seminarwochenenden, Ausfahrten oder auch Wettbewerbe statt. Hier geht\u2026","rel":"","context":"\u00c4hnlicher Beitrag","img":{"alt_text":"","src":"https:\/\/i0.wp.com\/jugendfeuerwehr-westergellersen.de\/images\/content\/fuhrpark_gross.jpg?resize=350%2C200","width":350,"height":200},"classes":[]},{"id":347,"url":"https:\/\/jugendfeuerwehr-westergellersen.de\/?page_id=347","url_meta":{"origin":59,"position":3},"title":"Was ist Kinderfeuerwehr?","date":"4. Juni 2016","format":false,"excerpt":"Die Kinderfeuerwehr ist f\u00fcr feuerwehrinteressierte Kinder im Alter zwischen 6-10 Jahren gedacht. Sie soll den Kindern die M\u00f6glichkeit bieten, die Feuerwehr kennen zulernen, Gemeinschaft und Teamarbeit in Aktionen mit Spa\u00df und Spiel zu erleben.Zu den Aufgaben und Ziele einer Kinderfeuerwehr\u00a0geh\u00f6ren unter anderem:F\u00f6rderung von\u201eFachkompetenzen\u201cNotruf 112Verhalten im BrandfallVerhalten bei Gefahr (allgemein)Feuerwehr allgemein\u00a0Umgang\u2026","rel":"","context":"\u00c4hnlicher Beitrag","img":{"alt_text":"","src":"","width":0,"height":0},"classes":[]},{"id":48,"url":"https:\/\/jugendfeuerwehr-westergellersen.de\/?page_id=48","url_meta":{"origin":59,"position":4},"title":"Geschichte","date":"16. August 2015","format":false,"excerpt":"Geschichte der Jugendfeuerwehr WestergellersenDie Jugendfeuerwehr Westergellersen wurde anl\u00e4sslich des 100-j\u00e4hrigen Bestehens der Freiwilligen Feuerwehr Westergellersen ins Leben gerufen. Der Anfang war von einigen Startschwierigkeiten begleitet. So fehlte es vor allem an R\u00e4umlichkeiten und sanit\u00e4ren Anlagen. Aus diesen Gr\u00fcnden wurde die Bildung einer Jugendfeuerwehr im Ort immer wieder verschoben. Mit dem\u2026","rel":"","context":"\u00c4hnlicher Beitrag","img":{"alt_text":"Grndungsfoto","src":"https:\/\/i0.wp.com\/jugendfeuerwehr-westergellersen.de\/wp\/wp-content\/uploads\/2015\/08\/Grndungsfoto.png?resize=350%2C200","width":350,"height":200},"classes":[]},{"id":159,"url":"https:\/\/jugendfeuerwehr-westergellersen.de\/?page_id=159","url_meta":{"origin":59,"position":5},"title":"Geschichte","date":"23. August 2015","format":false,"excerpt":"Unser Kinderfeuerwehr ist am 05.09.2014 in die Probephase gestartet. Die Idee zur Gr\u00fcndung ein Kinderfeuerwehr hatte unsere damalige Jugendliche Laura Buschmann aus der Jugendfeuerwehr. Die Betreuer der Jugendfeuerwehr gr\u00fcndeten ein Projektteam. Dominique Vogt erkl\u00e4rte sich bereit die Kinderfeuerwehr von nun an zu leiten. \u00a0Nach einem erfolgreichen Start und vielen tollen\u2026","rel":"","context":"\u00c4hnlicher Beitrag","img":{"alt_text":"","src":"","width":0,"height":0},"classes":[]}],"_links":{"self":[{"href":"https:\/\/jugendfeuerwehr-westergellersen.de\/index.php?rest_route=\/wp\/v2\/pages\/59"}],"collection":[{"href":"https:\/\/jugendfeuerwehr-westergellersen.de\/index.php?rest_route=\/wp\/v2\/pages"}],"about":[{"href":"https:\/\/jugendfeuerwehr-westergellersen.de\/index.php?rest_route=\/wp\/v2\/types\/page"}],"author":[{"embeddable":true,"href":"https:\/\/jugendfeuerwehr-westergellersen.de\/index.php?rest_route=\/wp\/v2\/users\/1"}],"replies":[{"embeddable":true,"href":"https:\/\/jugendfeuerwehr-westergellersen.de\/index.php?rest_route=%2Fwp%2Fv2%2Fcomments&post=59"}],"version-history":[{"count":1,"href":"https:\/\/jugendfeuerwehr-westergellersen.de\/index.php?rest_route=\/wp\/v2\/pages\/59\/revisions"}],"predecessor-version":[{"id":60,"href":"https:\/\/jugendfeuerwehr-westergellersen.de\/index.php?rest_route=\/wp\/v2\/pages\/59\/revisions\/60"}],"up":[{"embeddable":true,"href":"https:\/\/jugendfeuerwehr-westergellersen.de\/index.php?rest_route=\/wp\/v2\/pages\/13"}],"wp:attachment":[{"href":"https:\/\/jugendfeuerwehr-westergellersen.de\/index.php?rest_route=%2Fwp%2Fv2%2Fmedia&parent=59"}],"curies":[{"name":"wp","href":"https:\/\/api.w.org\/{rel}","templated":true}]}}